{"id":55,"date":"2023-02-23T22:24:17","date_gmt":"2023-02-23T21:24:17","guid":{"rendered":"https:\/\/www.violethill.sk\/?page_id=55"},"modified":"2023-02-24T11:55:13","modified_gmt":"2023-02-24T10:55:13","slug":"objednavkovy-formular","status":"publish","type":"page","link":"https:\/\/www.violethill.sk\/?page_id=55","title":{"rendered":"Kontaktn\u00fd formul\u00e1r"},"content":{"rendered":"\n<p>Ak sa V\u00e1m p\u00e1\u010dia na\u0161e v\u00fdrobky a m\u00e1te z\u00e1ujem, m\u00f4\u017eete n\u00e1s oslovi\u0165 vyplnen\u00edm tohto kr\u00e1tkeho formul\u00e1ra. Budeme V\u00e1s kontaktova\u0165 a dorie\u0161ime detaily, pr\u00edpadne V\u00e1m zodpovieme ot\u00e1zky.<\/p>\n\n\n<div class=\"wpforms-container wpforms-container-full wpforms-block\" id=\"wpforms-52\"><form id=\"wpforms-form-52\" class=\"wpforms-validate wpforms-form wpforms-ajax-form\" data-formid=\"52\" method=\"post\" enctype=\"multipart\/form-data\" action=\"\/index.php?rest_route=%2Fwp%2Fv2%2Fpages%2F55\" data-token=\"b6c4cf1523cfb15aa588746c1930b9fc\" data-token-time=\"1777122410\"><noscript class=\"wpforms-error-noscript\">Please enable JavaScript in your browser to complete this form.<\/noscript><div class=\"wpforms-field-container\"><div id=\"wpforms-52-field_0-container\" class=\"wpforms-field wpforms-field-name\" data-field-id=\"0\"><label class=\"wpforms-field-label\" for=\"wpforms-52-field_0\">Meno a priezvisko <span class=\"wpforms-required-label\">*<\/span><\/label><div class=\"wpforms-field-row wpforms-field-medium\"><div class=\"wpforms-field-row-block wpforms-first wpforms-one-half\"><input type=\"text\" id=\"wpforms-52-field_0\" class=\"wpforms-field-name-first wpforms-field-required\" name=\"wpforms[fields][0][first]\" required><label for=\"wpforms-52-field_0\" class=\"wpforms-field-sublabel after wpforms-sublabel-hide\">First<\/label><\/div><div class=\"wpforms-field-row-block wpforms-one-half\"><input type=\"text\" id=\"wpforms-52-field_0-last\" class=\"wpforms-field-name-last wpforms-field-required\" name=\"wpforms[fields][0][last]\" required><label for=\"wpforms-52-field_0-last\" class=\"wpforms-field-sublabel after wpforms-sublabel-hide\">Last<\/label><\/div><\/div><\/div><div id=\"wpforms-52-field_1-container\" class=\"wpforms-field wpforms-field-email\" data-field-id=\"1\"><label class=\"wpforms-field-label\" for=\"wpforms-52-field_1\">Email <span class=\"wpforms-required-label\">*<\/span><\/label><input type=\"email\" id=\"wpforms-52-field_1\" class=\"wpforms-field-medium wpforms-field-required\" name=\"wpforms[fields][1]\" spellcheck=\"false\" required><\/div><div id=\"wpforms-52-field_6-container\" class=\"wpforms-field wpforms-field-number\" data-field-id=\"6\"><label class=\"wpforms-field-label\" for=\"wpforms-52-field_6\">Telef\u00f3n<\/label><input type=\"number\" id=\"wpforms-52-field_6\" class=\"wpforms-field-medium\" name=\"wpforms[fields][6]\" ><\/div><div id=\"wpforms-52-field_5-container\" class=\"wpforms-field wpforms-field-checkbox\" data-field-id=\"5\"><label class=\"wpforms-field-label\">M\u00e1m z\u00e1ujem o:<\/label><ul id=\"wpforms-52-field_5\"><li class=\"choice-1 depth-1\"><input type=\"checkbox\" id=\"wpforms-52-field_5_1\" name=\"wpforms[fields][5][]\" value=\"dar\u010deky pre svadobn\u00fdch host\u00ed\"  ><label class=\"wpforms-field-label-inline\" for=\"wpforms-52-field_5_1\">dar\u010deky pre svadobn\u00fdch host\u00ed<\/label><\/li><li class=\"choice-2 depth-1\"><input type=\"checkbox\" id=\"wpforms-52-field_5_2\" name=\"wpforms[fields][5][]\" value=\"dar\u010dekov\u00fd box\"  ><label class=\"wpforms-field-label-inline\" for=\"wpforms-52-field_5_2\">dar\u010dekov\u00fd box<\/label><\/li><li class=\"choice-3 depth-1\"><input type=\"checkbox\" id=\"wpforms-52-field_5_3\" name=\"wpforms[fields][5][]\" value=\"in\u00e9\"  ><label class=\"wpforms-field-label-inline\" for=\"wpforms-52-field_5_3\">in\u00e9<\/label><\/li><\/ul><\/div><div id=\"wpforms-52-field_7-container\" class=\"wpforms-field wpforms-field-text\" data-field-id=\"7\"><label class=\"wpforms-field-label\" for=\"wpforms-52-field_7\">D\u00e1tum doru\u010denia<\/label><input type=\"text\" id=\"wpforms-52-field_7\" class=\"wpforms-field-medium\" name=\"wpforms[fields][7]\" ><div class=\"wpforms-field-description\">Uve\u010fte pros\u00edm d\u00e1tum kedy potrebujete ma\u0165 na\u0161e v\u00fdrobky doma. Sta\u010d\u00ed uvies\u0165 napr. d\u00e1tum svadby. \u0160tandardne doru\u010denie je 2-4 t\u00fd\u017edne pred napr. svadbou, pr\u00edpadne pod\u013ea dohody. <\/div><\/div><div id=\"wpforms-52-field_2-container\" class=\"wpforms-field wpforms-field-textarea\" data-field-id=\"2\"><label class=\"wpforms-field-label\" for=\"wpforms-52-field_2\">Upresnenie<\/label><textarea id=\"wpforms-52-field_2\" class=\"wpforms-field-medium wpforms-limit-characters-enabled\" data-form-id=\"52\" data-field-id=\"2\" data-text-limit=\"1000\" name=\"wpforms[fields][2]\" maxlength=\"1000\" ><\/textarea><\/div><div id=\"wpforms-52-field_4-container\" class=\"wpforms-field wpforms-field-gdpr-checkbox\" data-field-id=\"4\"><label class=\"wpforms-field-label\">GDPR <span class=\"wpforms-required-label\">*<\/span><\/label><ul id=\"wpforms-52-field_4\" class=\"wpforms-field-required\"><li class=\"choice-1\"><input type=\"checkbox\" id=\"wpforms-52-field_4_1\" name=\"wpforms[fields][4][]\" value=\"S\u00fahlas\u00edm so spracovan\u00edm osobn\u00fdch \u00fadajov, ktor\u00e9 som poskytol\/poskytla vo vy\u0161\u0161ie uvedenom formul\u00e1ri.\" required ><label class=\"wpforms-field-label-inline\" for=\"wpforms-52-field_4_1\">S\u00fahlas\u00edm so spracovan\u00edm osobn\u00fdch \u00fadajov, ktor\u00e9 som poskytol\/poskytla vo vy\u0161\u0161ie uvedenom formul\u00e1ri.<\/label><\/li><\/ul><\/div><\/div><!-- .wpforms-field-container --><div class=\"wpforms-submit-container\" ><input type=\"hidden\" name=\"wpforms[id]\" value=\"52\"><input type=\"hidden\" name=\"page_title\" value=\"\"><input type=\"hidden\" name=\"page_url\" value=\"https:\/\/www.violethill.sk\/index.php?rest_route=%2Fwp%2Fv2%2Fpages%2F55\"><button type=\"submit\" name=\"wpforms[submit]\" id=\"wpforms-submit-52\" class=\"wpforms-submit\" data-alt-text=\"Odosielam...\" data-submit-text=\"Odosla\u0165\" aria-live=\"assertive\" value=\"wpforms-submit\">Odosla\u0165<\/button><img loading=\"lazy\" decoding=\"async\" src=\"https:\/\/www.violethill.sk\/wp-content\/plugins\/wpforms-lite\/assets\/images\/submit-spin.svg\" class=\"wpforms-submit-spinner\" style=\"display: none;\" width=\"26\" height=\"26\" alt=\"Loading\"><\/div><\/form><\/div>  <!-- .wpforms-container -->","protected":false},"excerpt":{"rendered":"<p>Ak sa V\u00e1m p\u00e1\u010dia na\u0161e v\u00fdrobky a m\u00e1te z\u00e1ujem, m\u00f4\u017eete n\u00e1s oslovi\u0165 vyplnen\u00edm tohto kr\u00e1tkeho formul\u00e1ra. Budeme V\u00e1s kontaktova\u0165 a dorie\u0161ime detaily, pr\u00edpadne V\u00e1m zodpovieme ot\u00e1zky.<\/p>\n","protected":false},"author":1,"featured_media":0,"parent":0,"menu_order":0,"comment_status":"closed","ping_status":"closed","template":"","meta":{"_monsterinsights_skip_tracking":false,"_monsterinsights_sitenote_active":false,"_monsterinsights_sitenote_note":"","_monsterinsights_sitenote_category":0,"footnotes":""},"class_list":["post-55","page","type-page","status-publish","hentry"],"yoast_head":"<!-- This site is optimized with the Yoast SEO plugin v23.5 - https:\/\/yoast.com\/wordpress\/plugins\/seo\/ -->\n<title>Kontaktn\u00fd formul\u00e1r - Violet Hill - &quot;kopany\u010d\u00e1rska levanduala&quot;<\/title>\n<meta name=\"robots\" content=\"index, follow, max-snippet:-1, max-image-preview:large, max-video-preview:-1\" \/>\n<link rel=\"canonical\" href=\"https:\/\/www.violethill.sk\/?page_id=55\" \/>\n<meta property=\"og:locale\" content=\"sk_SK\" \/>\n<meta property=\"og:type\" content=\"article\" \/>\n<meta property=\"og:title\" content=\"Kontaktn\u00fd formul\u00e1r - Violet Hill - &quot;kopany\u010d\u00e1rska levanduala&quot;\" \/>\n<meta property=\"og:description\" content=\"Ak sa V\u00e1m p\u00e1\u010dia na\u0161e v\u00fdrobky a m\u00e1te z\u00e1ujem, m\u00f4\u017eete n\u00e1s oslovi\u0165 vyplnen\u00edm tohto kr\u00e1tkeho formul\u00e1ra. Budeme V\u00e1s kontaktova\u0165 a dorie\u0161ime detaily, pr\u00edpadne V\u00e1m zodpovieme ot\u00e1zky.\" \/>\n<meta property=\"og:url\" content=\"https:\/\/www.violethill.sk\/?page_id=55\" \/>\n<meta property=\"og:site_name\" content=\"Violet Hill - &quot;kopany\u010d\u00e1rska levanduala&quot;\" \/>\n<meta property=\"article:modified_time\" content=\"2023-02-24T10:55:13+00:00\" \/>\n<meta name=\"twitter:card\" content=\"summary_large_image\" \/>\n<meta name=\"twitter:label1\" content=\"Predpokladan\u00fd \u010das \u010d\u00edtania\" \/>\n\t<meta name=\"twitter:data1\" content=\"1 min\u00fata\" \/>\n<script type=\"application\/ld+json\" class=\"yoast-schema-graph\">{\"@context\":\"https:\/\/schema.org\",\"@graph\":[{\"@type\":\"WebPage\",\"@id\":\"https:\/\/www.violethill.sk\/?page_id=55\",\"url\":\"https:\/\/www.violethill.sk\/?page_id=55\",\"name\":\"Kontaktn\u00fd formul\u00e1r - Violet Hill - &quot;kopany\u010d\u00e1rska levanduala&quot;\",\"isPartOf\":{\"@id\":\"https:\/\/www.violethill.sk\/#website\"},\"datePublished\":\"2023-02-23T21:24:17+00:00\",\"dateModified\":\"2023-02-24T10:55:13+00:00\",\"breadcrumb\":{\"@id\":\"https:\/\/www.violethill.sk\/?page_id=55#breadcrumb\"},\"inLanguage\":\"sk-SK\",\"potentialAction\":[{\"@type\":\"ReadAction\",\"target\":[\"https:\/\/www.violethill.sk\/?page_id=55\"]}]},{\"@type\":\"BreadcrumbList\",\"@id\":\"https:\/\/www.violethill.sk\/?page_id=55#breadcrumb\",\"itemListElement\":[{\"@type\":\"ListItem\",\"position\":1,\"name\":\"Home\",\"item\":\"https:\/\/www.violethill.sk\/\"},{\"@type\":\"ListItem\",\"position\":2,\"name\":\"Kontaktn\u00fd formul\u00e1r\"}]},{\"@type\":\"WebSite\",\"@id\":\"https:\/\/www.violethill.sk\/#website\",\"url\":\"https:\/\/www.violethill.sk\/\",\"name\":\"Violet Hill - &quot;kopany\u010d\u00e1rska levanduala&quot;\",\"description\":\"Levandu\u013ea z Myjavsk\u00fdch kopan\u00edc\",\"potentialAction\":[{\"@type\":\"SearchAction\",\"target\":{\"@type\":\"EntryPoint\",\"urlTemplate\":\"https:\/\/www.violethill.sk\/?s={search_term_string}\"},\"query-input\":{\"@type\":\"PropertyValueSpecification\",\"valueRequired\":true,\"valueName\":\"search_term_string\"}}],\"inLanguage\":\"sk-SK\"}]}<\/script>\n<!-- \/ Yoast SEO plugin. -->","yoast_head_json":{"title":"Kontaktn\u00fd formul\u00e1r - Violet Hill - &quot;kopany\u010d\u00e1rska levanduala&quot;","robots":{"index":"index","follow":"follow","max-snippet":"max-snippet:-1","max-image-preview":"max-image-preview:large","max-video-preview":"max-video-preview:-1"},"canonical":"https:\/\/www.violethill.sk\/?page_id=55","og_locale":"sk_SK","og_type":"article","og_title":"Kontaktn\u00fd formul\u00e1r - Violet Hill - &quot;kopany\u010d\u00e1rska levanduala&quot;","og_description":"Ak sa V\u00e1m p\u00e1\u010dia na\u0161e v\u00fdrobky a m\u00e1te z\u00e1ujem, m\u00f4\u017eete n\u00e1s oslovi\u0165 vyplnen\u00edm tohto kr\u00e1tkeho formul\u00e1ra. Budeme V\u00e1s kontaktova\u0165 a dorie\u0161ime detaily, pr\u00edpadne V\u00e1m zodpovieme ot\u00e1zky.","og_url":"https:\/\/www.violethill.sk\/?page_id=55","og_site_name":"Violet Hill - &quot;kopany\u010d\u00e1rska levanduala&quot;","article_modified_time":"2023-02-24T10:55:13+00:00","twitter_card":"summary_large_image","twitter_misc":{"Predpokladan\u00fd \u010das \u010d\u00edtania":"1 min\u00fata"},"schema":{"@context":"https:\/\/schema.org","@graph":[{"@type":"WebPage","@id":"https:\/\/www.violethill.sk\/?page_id=55","url":"https:\/\/www.violethill.sk\/?page_id=55","name":"Kontaktn\u00fd formul\u00e1r - Violet Hill - &quot;kopany\u010d\u00e1rska levanduala&quot;","isPartOf":{"@id":"https:\/\/www.violethill.sk\/#website"},"datePublished":"2023-02-23T21:24:17+00:00","dateModified":"2023-02-24T10:55:13+00:00","breadcrumb":{"@id":"https:\/\/www.violethill.sk\/?page_id=55#breadcrumb"},"inLanguage":"sk-SK","potentialAction":[{"@type":"ReadAction","target":["https:\/\/www.violethill.sk\/?page_id=55"]}]},{"@type":"BreadcrumbList","@id":"https:\/\/www.violethill.sk\/?page_id=55#breadcrumb","itemListElement":[{"@type":"ListItem","position":1,"name":"Home","item":"https:\/\/www.violethill.sk\/"},{"@type":"ListItem","position":2,"name":"Kontaktn\u00fd formul\u00e1r"}]},{"@type":"WebSite","@id":"https:\/\/www.violethill.sk\/#website","url":"https:\/\/www.violethill.sk\/","name":"Violet Hill - &quot;kopany\u010d\u00e1rska levanduala&quot;","description":"Levandu\u013ea z Myjavsk\u00fdch kopan\u00edc","potentialAction":[{"@type":"SearchAction","target":{"@type":"EntryPoint","urlTemplate":"https:\/\/www.violethill.sk\/?s={search_term_string}"},"query-input":{"@type":"PropertyValueSpecification","valueRequired":true,"valueName":"search_term_string"}}],"inLanguage":"sk-SK"}]}},"_links":{"self":[{"href":"https:\/\/www.violethill.sk\/index.php?rest_route=\/wp\/v2\/pages\/55"}],"collection":[{"href":"https:\/\/www.violethill.sk\/index.php?rest_route=\/wp\/v2\/pages"}],"about":[{"href":"https:\/\/www.violethill.sk\/index.php?rest_route=\/wp\/v2\/types\/page"}],"author":[{"embeddable":true,"href":"https:\/\/www.violethill.sk\/index.php?rest_route=\/wp\/v2\/users\/1"}],"replies":[{"embeddable":true,"href":"https:\/\/www.violethill.sk\/index.php?rest_route=%2Fwp%2Fv2%2Fcomments&post=55"}],"version-history":[{"count":2,"href":"https:\/\/www.violethill.sk\/index.php?rest_route=\/wp\/v2\/pages\/55\/revisions"}],"predecessor-version":[{"id":71,"href":"https:\/\/www.violethill.sk\/index.php?rest_route=\/wp\/v2\/pages\/55\/revisions\/71"}],"wp:attachment":[{"href":"https:\/\/www.violethill.sk\/index.php?rest_route=%2Fwp%2Fv2%2Fmedia&parent=55"}],"curies":[{"name":"wp","href":"https:\/\/api.w.org\/{rel}","templated":true}]}}