{"id":68,"date":"2023-02-24T11:52:56","date_gmt":"2023-02-24T10:52:56","guid":{"rendered":"https:\/\/www.violethill.sk\/?page_id=68"},"modified":"2023-02-24T22:58:06","modified_gmt":"2023-02-24T21:58:06","slug":"kontakty","status":"publish","type":"page","link":"https:\/\/www.violethill.sk\/?page_id=68","title":{"rendered":"Kontakty"},"content":{"rendered":"\n<p><strong>Soci\u00e1lne siete<\/strong><\/p>\n\n\n\n<div class=\"wp-block-group\"><div class=\"wp-block-group__inner-container is-layout-constrained wp-block-group-is-layout-constrained\">\n<ul class=\"wp-block-social-links has-large-icon-size has-icon-color has-icon-background-color is-style-default is-layout-flex wp-block-social-links-is-layout-flex\"><li style=\"color: #ffffff; background-color: #3962e3; \" class=\"wp-social-link wp-social-link-instagram  wp-block-social-link\"><a href=\"https:\/\/www.instagram.com\/violethill_sk\" class=\"wp-block-social-link-anchor\"><svg width=\"24\" height=\"24\" viewBox=\"0 0 24 24\" version=\"1.1\" xmlns=\"http:\/\/www.w3.org\/2000\/svg\" aria-hidden=\"true\" focusable=\"false\"><path d=\"M12,4.622c2.403,0,2.688,0.009,3.637,0.052c0.877,0.04,1.354,0.187,1.671,0.31c0.42,0.163,0.72,0.358,1.035,0.673 c0.315,0.315,0.51,0.615,0.673,1.035c0.123,0.317,0.27,0.794,0.31,1.671c0.043,0.949,0.052,1.234,0.052,3.637 s-0.009,2.688-0.052,3.637c-0.04,0.877-0.187,1.354-0.31,1.671c-0.163,0.42-0.358,0.72-0.673,1.035 c-0.315,0.315-0.615,0.51-1.035,0.673c-0.317,0.123-0.794,0.27-1.671,0.31c-0.949,0.043-1.233,0.052-3.637,0.052 s-2.688-0.009-3.637-0.052c-0.877-0.04-1.354-0.187-1.671-0.31c-0.42-0.163-0.72-0.358-1.035-0.673 c-0.315-0.315-0.51-0.615-0.673-1.035c-0.123-0.317-0.27-0.794-0.31-1.671C4.631,14.688,4.622,14.403,4.622,12 s0.009-2.688,0.052-3.637c0.04-0.877,0.187-1.354,0.31-1.671c0.163-0.42,0.358-0.72,0.673-1.035 c0.315-0.315,0.615-0.51,1.035-0.673c0.317-0.123,0.794-0.27,1.671-0.31C9.312,4.631,9.597,4.622,12,4.622 M12,3 C9.556,3,9.249,3.01,8.289,3.054C7.331,3.098,6.677,3.25,6.105,3.472C5.513,3.702,5.011,4.01,4.511,4.511 c-0.5,0.5-0.808,1.002-1.038,1.594C3.25,6.677,3.098,7.331,3.054,8.289C3.01,9.249,3,9.556,3,12c0,2.444,0.01,2.751,0.054,3.711 c0.044,0.958,0.196,1.612,0.418,2.185c0.23,0.592,0.538,1.094,1.038,1.594c0.5,0.5,1.002,0.808,1.594,1.038 c0.572,0.222,1.227,0.375,2.185,0.418C9.249,20.99,9.556,21,12,21s2.751-0.01,3.711-0.054c0.958-0.044,1.612-0.196,2.185-0.418 c0.592-0.23,1.094-0.538,1.594-1.038c0.5-0.5,0.808-1.002,1.038-1.594c0.222-0.572,0.375-1.227,0.418-2.185 C20.99,14.751,21,14.444,21,12s-0.01-2.751-0.054-3.711c-0.044-0.958-0.196-1.612-0.418-2.185c-0.23-0.592-0.538-1.094-1.038-1.594 c-0.5-0.5-1.002-0.808-1.594-1.038c-0.572-0.222-1.227-0.375-2.185-0.418C14.751,3.01,14.444,3,12,3L12,3z M12,7.378 c-2.552,0-4.622,2.069-4.622,4.622S9.448,16.622,12,16.622s4.622-2.069,4.622-4.622S14.552,7.378,12,7.378z M12,15 c-1.657,0-3-1.343-3-3s1.343-3,3-3s3,1.343,3,3S13.657,15,12,15z M16.804,6.116c-0.596,0-1.08,0.484-1.08,1.08 s0.484,1.08,1.08,1.08c0.596,0,1.08-0.484,1.08-1.08S17.401,6.116,16.804,6.116z\"><\/path><\/svg><span class=\"wp-block-social-link-label screen-reader-text\">Instagram<\/span><\/a><\/li>\n\n<li style=\"color: #ffffff; background-color: #3962e3; \" class=\"wp-social-link wp-social-link-facebook  wp-block-social-link\"><a href=\"https:\/\/www.facebook.com\/levandulovaminifarma\" class=\"wp-block-social-link-anchor\"><svg width=\"24\" height=\"24\" viewBox=\"0 0 24 24\" version=\"1.1\" xmlns=\"http:\/\/www.w3.org\/2000\/svg\" aria-hidden=\"true\" focusable=\"false\"><path d=\"M12 2C6.5 2 2 6.5 2 12c0 5 3.7 9.1 8.4 9.9v-7H7.9V12h2.5V9.8c0-2.5 1.5-3.9 3.8-3.9 1.1 0 2.2.2 2.2.2v2.5h-1.3c-1.2 0-1.6.8-1.6 1.6V12h2.8l-.4 2.9h-2.3v7C18.3 21.1 22 17 22 12c0-5.5-4.5-10-10-10z\"><\/path><\/svg><span class=\"wp-block-social-link-label screen-reader-text\">Facebook<\/span><\/a><\/li><\/ul>\n<\/div><\/div>\n\n\n\n<p><strong>Email:<\/strong> <a href=\"mailto:info@violethill.sk\">info@violethill.sk<\/a><\/p>\n\n\n\n<p><strong>Telef\u00f3n:<\/strong> +421 902 131 131<\/p>\n\n\n\n<p><strong>Adresa<\/strong><\/p>\n\n\n<p style=\"padding-left: 80px;\">Violet Hill &#8211; &#8222;kopany\u010d\u00e1rska levandula&#8220;<\/p>\n<p style=\"padding-left: 80px;\">Poriadie 337<\/p>\n<p style=\"padding-left: 80px;\">906 22\u00a0 Poriadie<\/p>\n\n\n<hr class=\"wp-block-separator aligncenter has-alpha-channel-opacity is-style-wide\"\/>\n\n\n\n<p>Ak sa V\u00e1m p\u00e1\u010di na\u0161a pr\u00e1ca a m\u00e1te z\u00e1ujem o na\u0161e produkty, m\u00f4\u017eete n\u00e1m posla\u0165 spr\u00e1vu vyplnen\u00edm tohto kr\u00e1tkeho formul\u00e1ra. My sa V\u00e1m ozveme v \u010do mo\u017enom najkrat\u0161om \u010dase.<\/p>\n\n\n<div class=\"wpforms-container wpforms-container-full wpforms-block\" id=\"wpforms-52\"><form id=\"wpforms-form-52\" class=\"wpforms-validate wpforms-form wpforms-ajax-form\" data-formid=\"52\" method=\"post\" enctype=\"multipart\/form-data\" action=\"\/index.php?rest_route=%2Fwp%2Fv2%2Fpages%2F68\" data-token=\"b6c4cf1523cfb15aa588746c1930b9fc\" data-token-time=\"1777122585\"><noscript class=\"wpforms-error-noscript\">Please enable JavaScript in your browser to complete this form.<\/noscript><div class=\"wpforms-field-container\"><div id=\"wpforms-52-field_0-container\" class=\"wpforms-field wpforms-field-name\" data-field-id=\"0\"><label class=\"wpforms-field-label\" for=\"wpforms-52-field_0\">Meno a priezvisko <span class=\"wpforms-required-label\">*<\/span><\/label><div class=\"wpforms-field-row wpforms-field-medium\"><div class=\"wpforms-field-row-block wpforms-first wpforms-one-half\"><input type=\"text\" id=\"wpforms-52-field_0\" class=\"wpforms-field-name-first wpforms-field-required\" name=\"wpforms[fields][0][first]\" required><label for=\"wpforms-52-field_0\" class=\"wpforms-field-sublabel after wpforms-sublabel-hide\">First<\/label><\/div><div class=\"wpforms-field-row-block wpforms-one-half\"><input type=\"text\" id=\"wpforms-52-field_0-last\" class=\"wpforms-field-name-last wpforms-field-required\" name=\"wpforms[fields][0][last]\" required><label for=\"wpforms-52-field_0-last\" class=\"wpforms-field-sublabel after wpforms-sublabel-hide\">Last<\/label><\/div><\/div><\/div><div id=\"wpforms-52-field_1-container\" class=\"wpforms-field wpforms-field-email\" data-field-id=\"1\"><label class=\"wpforms-field-label\" for=\"wpforms-52-field_1\">Email <span class=\"wpforms-required-label\">*<\/span><\/label><input type=\"email\" id=\"wpforms-52-field_1\" class=\"wpforms-field-medium wpforms-field-required\" name=\"wpforms[fields][1]\" spellcheck=\"false\" required><\/div><div id=\"wpforms-52-field_6-container\" class=\"wpforms-field wpforms-field-number\" data-field-id=\"6\"><label class=\"wpforms-field-label\" for=\"wpforms-52-field_6\">Telef\u00f3n<\/label><input type=\"number\" id=\"wpforms-52-field_6\" class=\"wpforms-field-medium\" name=\"wpforms[fields][6]\" ><\/div><div id=\"wpforms-52-field_5-container\" class=\"wpforms-field wpforms-field-checkbox\" data-field-id=\"5\"><label class=\"wpforms-field-label\">M\u00e1m z\u00e1ujem o:<\/label><ul id=\"wpforms-52-field_5\"><li class=\"choice-1 depth-1\"><input type=\"checkbox\" id=\"wpforms-52-field_5_1\" name=\"wpforms[fields][5][]\" value=\"dar\u010deky pre svadobn\u00fdch host\u00ed\"  ><label class=\"wpforms-field-label-inline\" for=\"wpforms-52-field_5_1\">dar\u010deky pre svadobn\u00fdch host\u00ed<\/label><\/li><li class=\"choice-2 depth-1\"><input type=\"checkbox\" id=\"wpforms-52-field_5_2\" name=\"wpforms[fields][5][]\" value=\"dar\u010dekov\u00fd box\"  ><label class=\"wpforms-field-label-inline\" for=\"wpforms-52-field_5_2\">dar\u010dekov\u00fd box<\/label><\/li><li class=\"choice-3 depth-1\"><input type=\"checkbox\" id=\"wpforms-52-field_5_3\" name=\"wpforms[fields][5][]\" value=\"in\u00e9\"  ><label class=\"wpforms-field-label-inline\" for=\"wpforms-52-field_5_3\">in\u00e9<\/label><\/li><\/ul><\/div><div id=\"wpforms-52-field_7-container\" class=\"wpforms-field wpforms-field-text\" data-field-id=\"7\"><label class=\"wpforms-field-label\" for=\"wpforms-52-field_7\">D\u00e1tum doru\u010denia<\/label><input type=\"text\" id=\"wpforms-52-field_7\" class=\"wpforms-field-medium\" name=\"wpforms[fields][7]\" ><div class=\"wpforms-field-description\">Uve\u010fte pros\u00edm d\u00e1tum kedy potrebujete ma\u0165 na\u0161e v\u00fdrobky doma. Sta\u010d\u00ed uvies\u0165 napr. d\u00e1tum svadby. \u0160tandardne doru\u010denie je 2-4 t\u00fd\u017edne pred napr. svadbou, pr\u00edpadne pod\u013ea dohody. <\/div><\/div><div id=\"wpforms-52-field_2-container\" class=\"wpforms-field wpforms-field-textarea\" data-field-id=\"2\"><label class=\"wpforms-field-label\" for=\"wpforms-52-field_2\">Upresnenie<\/label><textarea id=\"wpforms-52-field_2\" class=\"wpforms-field-medium wpforms-limit-characters-enabled\" data-form-id=\"52\" data-field-id=\"2\" data-text-limit=\"1000\" name=\"wpforms[fields][2]\" maxlength=\"1000\" ><\/textarea><\/div><div id=\"wpforms-52-field_4-container\" class=\"wpforms-field wpforms-field-gdpr-checkbox\" data-field-id=\"4\"><label class=\"wpforms-field-label\">GDPR <span class=\"wpforms-required-label\">*<\/span><\/label><ul id=\"wpforms-52-field_4\" class=\"wpforms-field-required\"><li class=\"choice-1\"><input type=\"checkbox\" id=\"wpforms-52-field_4_1\" name=\"wpforms[fields][4][]\" value=\"S\u00fahlas\u00edm so spracovan\u00edm osobn\u00fdch \u00fadajov, ktor\u00e9 som poskytol\/poskytla vo vy\u0161\u0161ie uvedenom formul\u00e1ri.\" required ><label class=\"wpforms-field-label-inline\" for=\"wpforms-52-field_4_1\">S\u00fahlas\u00edm so spracovan\u00edm osobn\u00fdch \u00fadajov, ktor\u00e9 som poskytol\/poskytla vo vy\u0161\u0161ie uvedenom formul\u00e1ri.<\/label><\/li><\/ul><\/div><\/div><!-- .wpforms-field-container --><div class=\"wpforms-submit-container\" ><input type=\"hidden\" name=\"wpforms[id]\" value=\"52\"><input type=\"hidden\" name=\"page_title\" value=\"\"><input type=\"hidden\" name=\"page_url\" value=\"https:\/\/www.violethill.sk\/index.php?rest_route=%2Fwp%2Fv2%2Fpages%2F68\"><button type=\"submit\" name=\"wpforms[submit]\" id=\"wpforms-submit-52\" class=\"wpforms-submit\" data-alt-text=\"Odosielam...\" data-submit-text=\"Odosla\u0165\" aria-live=\"assertive\" value=\"wpforms-submit\">Odosla\u0165<\/button><img loading=\"lazy\" decoding=\"async\" src=\"https:\/\/www.violethill.sk\/wp-content\/plugins\/wpforms-lite\/assets\/images\/submit-spin.svg\" class=\"wpforms-submit-spinner\" style=\"display: none;\" width=\"26\" height=\"26\" alt=\"Loading\"><\/div><\/form><\/div>  <!-- .wpforms-container -->","protected":false},"excerpt":{"rendered":"<p>Soci\u00e1lne siete Email: info@violethill.sk Telef\u00f3n: +421 902 131 131 Adresa Violet Hill &#8211; &#8222;kopany\u010d\u00e1rska levandula&#8220; Poriadie 337 906 22\u00a0 Poriadie Ak sa V\u00e1m p\u00e1\u010di na\u0161a pr\u00e1ca a m\u00e1te z\u00e1ujem o na\u0161e produkty, m\u00f4\u017eete n\u00e1m posla\u0165 spr\u00e1vu vyplnen\u00edm tohto kr\u00e1tkeho formul\u00e1ra.<\/p>\n","protected":false},"author":1,"featured_media":0,"parent":0,"menu_order":0,"comment_status":"closed","ping_status":"closed","template":"","meta":{"_monsterinsights_skip_tracking":false,"_monsterinsights_sitenote_active":false,"_monsterinsights_sitenote_note":"","_monsterinsights_sitenote_category":0,"footnotes":""},"class_list":["post-68","page","type-page","status-publish","hentry"],"yoast_head":"<!-- This site is optimized with the Yoast SEO plugin v23.5 - https:\/\/yoast.com\/wordpress\/plugins\/seo\/ -->\n<title>Kontakty - Violet Hill - &quot;kopany\u010d\u00e1rska levanduala&quot;<\/title>\n<meta name=\"robots\" content=\"index, follow, max-snippet:-1, max-image-preview:large, max-video-preview:-1\" \/>\n<link rel=\"canonical\" href=\"https:\/\/www.violethill.sk\/?page_id=68\" \/>\n<meta property=\"og:locale\" content=\"sk_SK\" \/>\n<meta property=\"og:type\" content=\"article\" \/>\n<meta property=\"og:title\" content=\"Kontakty - Violet Hill - &quot;kopany\u010d\u00e1rska levanduala&quot;\" \/>\n<meta property=\"og:description\" content=\"Soci\u00e1lne siete Email: info@violethill.sk Telef\u00f3n: +421 902 131 131 Adresa Violet Hill &#8211; &#8222;kopany\u010d\u00e1rska levandula&#8220; Poriadie 337 906 22\u00a0 Poriadie Ak sa V\u00e1m p\u00e1\u010di na\u0161a pr\u00e1ca a m\u00e1te z\u00e1ujem o na\u0161e produkty, m\u00f4\u017eete n\u00e1m posla\u0165 spr\u00e1vu vyplnen\u00edm tohto kr\u00e1tkeho formul\u00e1ra.\" \/>\n<meta property=\"og:url\" content=\"https:\/\/www.violethill.sk\/?page_id=68\" \/>\n<meta property=\"og:site_name\" content=\"Violet Hill - &quot;kopany\u010d\u00e1rska levanduala&quot;\" \/>\n<meta property=\"article:modified_time\" content=\"2023-02-24T21:58:06+00:00\" \/>\n<meta name=\"twitter:card\" content=\"summary_large_image\" \/>\n<meta name=\"twitter:label1\" content=\"Predpokladan\u00fd \u010das \u010d\u00edtania\" \/>\n\t<meta name=\"twitter:data1\" content=\"1 min\u00fata\" \/>\n<script type=\"application\/ld+json\" class=\"yoast-schema-graph\">{\"@context\":\"https:\/\/schema.org\",\"@graph\":[{\"@type\":\"WebPage\",\"@id\":\"https:\/\/www.violethill.sk\/?page_id=68\",\"url\":\"https:\/\/www.violethill.sk\/?page_id=68\",\"name\":\"Kontakty - Violet Hill - &quot;kopany\u010d\u00e1rska levanduala&quot;\",\"isPartOf\":{\"@id\":\"https:\/\/www.violethill.sk\/#website\"},\"datePublished\":\"2023-02-24T10:52:56+00:00\",\"dateModified\":\"2023-02-24T21:58:06+00:00\",\"breadcrumb\":{\"@id\":\"https:\/\/www.violethill.sk\/?page_id=68#breadcrumb\"},\"inLanguage\":\"sk-SK\",\"potentialAction\":[{\"@type\":\"ReadAction\",\"target\":[\"https:\/\/www.violethill.sk\/?page_id=68\"]}]},{\"@type\":\"BreadcrumbList\",\"@id\":\"https:\/\/www.violethill.sk\/?page_id=68#breadcrumb\",\"itemListElement\":[{\"@type\":\"ListItem\",\"position\":1,\"name\":\"Home\",\"item\":\"https:\/\/www.violethill.sk\/\"},{\"@type\":\"ListItem\",\"position\":2,\"name\":\"Kontakty\"}]},{\"@type\":\"WebSite\",\"@id\":\"https:\/\/www.violethill.sk\/#website\",\"url\":\"https:\/\/www.violethill.sk\/\",\"name\":\"Violet Hill - &quot;kopany\u010d\u00e1rska levanduala&quot;\",\"description\":\"Levandu\u013ea z Myjavsk\u00fdch kopan\u00edc\",\"potentialAction\":[{\"@type\":\"SearchAction\",\"target\":{\"@type\":\"EntryPoint\",\"urlTemplate\":\"https:\/\/www.violethill.sk\/?s={search_term_string}\"},\"query-input\":{\"@type\":\"PropertyValueSpecification\",\"valueRequired\":true,\"valueName\":\"search_term_string\"}}],\"inLanguage\":\"sk-SK\"}]}<\/script>\n<!-- \/ Yoast SEO plugin. -->","yoast_head_json":{"title":"Kontakty - Violet Hill - &quot;kopany\u010d\u00e1rska levanduala&quot;","robots":{"index":"index","follow":"follow","max-snippet":"max-snippet:-1","max-image-preview":"max-image-preview:large","max-video-preview":"max-video-preview:-1"},"canonical":"https:\/\/www.violethill.sk\/?page_id=68","og_locale":"sk_SK","og_type":"article","og_title":"Kontakty - Violet Hill - &quot;kopany\u010d\u00e1rska levanduala&quot;","og_description":"Soci\u00e1lne siete Email: info@violethill.sk Telef\u00f3n: +421 902 131 131 Adresa Violet Hill &#8211; &#8222;kopany\u010d\u00e1rska levandula&#8220; Poriadie 337 906 22\u00a0 Poriadie Ak sa V\u00e1m p\u00e1\u010di na\u0161a pr\u00e1ca a m\u00e1te z\u00e1ujem o na\u0161e produkty, m\u00f4\u017eete n\u00e1m posla\u0165 spr\u00e1vu vyplnen\u00edm tohto kr\u00e1tkeho formul\u00e1ra.","og_url":"https:\/\/www.violethill.sk\/?page_id=68","og_site_name":"Violet Hill - &quot;kopany\u010d\u00e1rska levanduala&quot;","article_modified_time":"2023-02-24T21:58:06+00:00","twitter_card":"summary_large_image","twitter_misc":{"Predpokladan\u00fd \u010das \u010d\u00edtania":"1 min\u00fata"},"schema":{"@context":"https:\/\/schema.org","@graph":[{"@type":"WebPage","@id":"https:\/\/www.violethill.sk\/?page_id=68","url":"https:\/\/www.violethill.sk\/?page_id=68","name":"Kontakty - Violet Hill - &quot;kopany\u010d\u00e1rska levanduala&quot;","isPartOf":{"@id":"https:\/\/www.violethill.sk\/#website"},"datePublished":"2023-02-24T10:52:56+00:00","dateModified":"2023-02-24T21:58:06+00:00","breadcrumb":{"@id":"https:\/\/www.violethill.sk\/?page_id=68#breadcrumb"},"inLanguage":"sk-SK","potentialAction":[{"@type":"ReadAction","target":["https:\/\/www.violethill.sk\/?page_id=68"]}]},{"@type":"BreadcrumbList","@id":"https:\/\/www.violethill.sk\/?page_id=68#breadcrumb","itemListElement":[{"@type":"ListItem","position":1,"name":"Home","item":"https:\/\/www.violethill.sk\/"},{"@type":"ListItem","position":2,"name":"Kontakty"}]},{"@type":"WebSite","@id":"https:\/\/www.violethill.sk\/#website","url":"https:\/\/www.violethill.sk\/","name":"Violet Hill - &quot;kopany\u010d\u00e1rska levanduala&quot;","description":"Levandu\u013ea z Myjavsk\u00fdch kopan\u00edc","potentialAction":[{"@type":"SearchAction","target":{"@type":"EntryPoint","urlTemplate":"https:\/\/www.violethill.sk\/?s={search_term_string}"},"query-input":{"@type":"PropertyValueSpecification","valueRequired":true,"valueName":"search_term_string"}}],"inLanguage":"sk-SK"}]}},"_links":{"self":[{"href":"https:\/\/www.violethill.sk\/index.php?rest_route=\/wp\/v2\/pages\/68"}],"collection":[{"href":"https:\/\/www.violethill.sk\/index.php?rest_route=\/wp\/v2\/pages"}],"about":[{"href":"https:\/\/www.violethill.sk\/index.php?rest_route=\/wp\/v2\/types\/page"}],"author":[{"embeddable":true,"href":"https:\/\/www.violethill.sk\/index.php?rest_route=\/wp\/v2\/users\/1"}],"replies":[{"embeddable":true,"href":"https:\/\/www.violethill.sk\/index.php?rest_route=%2Fwp%2Fv2%2Fcomments&post=68"}],"version-history":[{"count":6,"href":"https:\/\/www.violethill.sk\/index.php?rest_route=\/wp\/v2\/pages\/68\/revisions"}],"predecessor-version":[{"id":91,"href":"https:\/\/www.violethill.sk\/index.php?rest_route=\/wp\/v2\/pages\/68\/revisions\/91"}],"wp:attachment":[{"href":"https:\/\/www.violethill.sk\/index.php?rest_route=%2Fwp%2Fv2%2Fmedia&parent=68"}],"curies":[{"name":"wp","href":"https:\/\/api.w.org\/{rel}","templated":true}]}}